{"id":31,"date":"2014-03-18T11:31:06","date_gmt":"2014-03-18T11:31:06","guid":{"rendered":"http:\/\/demo.themegrill.com\/spacious\/?page_id=31"},"modified":"2022-03-15T08:28:22","modified_gmt":"2022-03-15T08:28:22","slug":"contact-us","status":"publish","type":"page","link":"https:\/\/expynos.se\/?page_id=31","title":{"rendered":"Kontakta oss"},"content":{"rendered":"\t\t<div data-elementor-type=\"wp-page\" data-elementor-id=\"31\" class=\"elementor elementor-31\">\n\t\t\t\t\t\t<section class=\"elementor-section elementor-top-section elementor-element elementor-element-06820e5 elementor-section-boxed elementor-section-height-default elementor-section-height-default\" data-id=\"06820e5\" data-element_type=\"section\">\n\t\t\t\t\t\t<div class=\"elementor-container elementor-column-gap-default\">\n\t\t\t\t\t<div class=\"elementor-column elementor-col-25 elementor-top-column elementor-element elementor-element-2264c5a\" data-id=\"2264c5a\" data-element_type=\"column\">\n\t\t\t<div class=\"elementor-widget-wrap elementor-element-populated\">\n\t\t\t\t\t\t<div class=\"elementor-element elementor-element-11b4ac3 elementor-widget elementor-widget-image\" data-id=\"11b4ac3\" data-element_type=\"widget\" data-widget_type=\"image.default\">\n\t\t\t\t<div class=\"elementor-widget-container\">\n\t\t\t\t\t\t\t\t\t\t\t\t\t\t<a href=\"https:\/\/expynos.se\/\">\n\t\t\t\t\t\t\t<img decoding=\"async\" width=\"198\" height=\"94\" src=\"https:\/\/expynos.se\/wp-content\/uploads\/2018\/05\/ExpynosAB_logotype_lowres-e1554808243694.jpg\" class=\"attachment-large size-large wp-image-73\" alt=\"\" \/>\t\t\t\t\t\t\t\t<\/a>\n\t\t\t\t\t\t\t\t\t\t\t\t\t<\/div>\n\t\t\t\t<\/div>\n\t\t\t\t\t<\/div>\n\t\t<\/div>\n\t\t\t\t<div class=\"elementor-column elementor-col-25 elementor-top-column elementor-element elementor-element-fc95dbe\" data-id=\"fc95dbe\" data-element_type=\"column\">\n\t\t\t<div class=\"elementor-widget-wrap elementor-element-populated\">\n\t\t\t\t\t\t<div class=\"elementor-element elementor-element-34fcfc0 elementor-widget elementor-widget-image\" data-id=\"34fcfc0\" data-element_type=\"widget\" data-widget_type=\"image.default\">\n\t\t\t\t<div class=\"elementor-widget-container\">\n\t\t\t\t\t\t\t\t\t\t\t\t\t<img decoding=\"async\" width=\"150\" height=\"150\" src=\"https:\/\/expynos.se\/wp-content\/uploads\/2014\/03\/support.png\" class=\"attachment-large size-large wp-image-20\" alt=\"Kontakta oss\" srcset=\"https:\/\/expynos.se\/wp-content\/uploads\/2014\/03\/support.png 150w, https:\/\/expynos.se\/wp-content\/uploads\/2014\/03\/support-45x45.png 45w, https:\/\/expynos.se\/wp-content\/uploads\/2014\/03\/support-100x100.png 100w\" sizes=\"(max-width: 150px) 100vw, 150px\" \/>\t\t\t\t\t\t\t\t\t\t\t\t\t<\/div>\n\t\t\t\t<\/div>\n\t\t\t\t\t<\/div>\n\t\t<\/div>\n\t\t\t\t<div class=\"elementor-column elementor-col-25 elementor-top-column elementor-element elementor-element-6e11496\" data-id=\"6e11496\" data-element_type=\"column\">\n\t\t\t<div class=\"elementor-widget-wrap elementor-element-populated\">\n\t\t\t\t\t\t<div class=\"elementor-element elementor-element-bc35061 elementor-widget elementor-widget-image\" data-id=\"bc35061\" data-element_type=\"widget\" data-widget_type=\"image.default\">\n\t\t\t\t<div class=\"elementor-widget-container\">\n\t\t\t\t\t\t\t\t\t\t\t\t\t<img decoding=\"async\" width=\"150\" height=\"150\" src=\"https:\/\/expynos.se\/wp-content\/uploads\/2014\/03\/support.png\" class=\"attachment-large size-large wp-image-20\" alt=\"Kontakta oss\" srcset=\"https:\/\/expynos.se\/wp-content\/uploads\/2014\/03\/support.png 150w, https:\/\/expynos.se\/wp-content\/uploads\/2014\/03\/support-45x45.png 45w, https:\/\/expynos.se\/wp-content\/uploads\/2014\/03\/support-100x100.png 100w\" sizes=\"(max-width: 150px) 100vw, 150px\" \/>\t\t\t\t\t\t\t\t\t\t\t\t\t<\/div>\n\t\t\t\t<\/div>\n\t\t\t\t\t<\/div>\n\t\t<\/div>\n\t\t\t\t<div class=\"elementor-column elementor-col-25 elementor-top-column elementor-element elementor-element-457b5da\" data-id=\"457b5da\" data-element_type=\"column\">\n\t\t\t<div class=\"elementor-widget-wrap\">\n\t\t\t\t\t\t\t<\/div>\n\t\t<\/div>\n\t\t\t\t\t<\/div>\n\t\t<\/section>\n\t\t\t\t<section class=\"elementor-section elementor-top-section elementor-element elementor-element-e4c650e elementor-section-boxed elementor-section-height-default elementor-section-height-default\" data-id=\"e4c650e\" data-element_type=\"section\">\n\t\t\t\t\t\t<div class=\"elementor-container elementor-column-gap-default\">\n\t\t\t\t\t<div class=\"elementor-column elementor-col-25 elementor-top-column elementor-element elementor-element-f962225\" data-id=\"f962225\" data-element_type=\"column\">\n\t\t\t<div class=\"elementor-widget-wrap elementor-element-populated\">\n\t\t\t\t\t\t<div class=\"elementor-element elementor-element-9e9aeb9 elementor-widget elementor-widget-text-editor\" data-id=\"9e9aeb9\" data-element_type=\"widget\" data-widget_type=\"text-editor.default\">\n\t\t\t\t<div class=\"elementor-widget-container\">\n\t\t\t\t\t\t\t<p><strong>Mail:<br \/><\/strong> <a href=\"mailto:Info@expynos.se\">Info@expynos.se<\/a><br \/><strong>Mail:<\/strong> <br \/><a href=\"mailto:ekonomi@expynos.se\">ekonomi@expynos.se<\/a><\/p><p><strong>Bes\u00f6ksadress:<br \/><\/strong>Scheelev\u00e4gen 15 , Lund<\/p><p><strong>Postadress:<br \/><\/strong>Ideon Science Park<br \/>223 70 Lund<\/p>\t\t\t\t\t\t<\/div>\n\t\t\t\t<\/div>\n\t\t\t\t\t<\/div>\n\t\t<\/div>\n\t\t\t\t<div class=\"elementor-column elementor-col-25 elementor-top-column elementor-element elementor-element-ac67ad5\" data-id=\"ac67ad5\" data-element_type=\"column\">\n\t\t\t<div class=\"elementor-widget-wrap elementor-element-populated\">\n\t\t\t\t\t\t<div class=\"elementor-element elementor-element-d7c2c62 elementor-widget elementor-widget-text-editor\" data-id=\"d7c2c62\" data-element_type=\"widget\" data-widget_type=\"text-editor.default\">\n\t\t\t\t<div class=\"elementor-widget-container\">\n\t\t\t\t\t\t\t<p><strong>Per Stew\u00e9n<\/strong><\/p><p><strong>Mail:<\/strong>\u00a0<br \/><a href=\"mailto:Per.Stewen@expynos.se\">Per.Stewen@expynos.se<\/a><\/p><p><strong>Mobil:<br \/><\/strong> 070-2800229<\/p>\t\t\t\t\t\t<\/div>\n\t\t\t\t<\/div>\n\t\t\t\t\t<\/div>\n\t\t<\/div>\n\t\t\t\t<div class=\"elementor-column elementor-col-25 elementor-top-column elementor-element elementor-element-b3fbd9c\" data-id=\"b3fbd9c\" data-element_type=\"column\">\n\t\t\t<div class=\"elementor-widget-wrap elementor-element-populated\">\n\t\t\t\t\t\t<div class=\"elementor-element elementor-element-0e090ab elementor-widget elementor-widget-text-editor\" data-id=\"0e090ab\" data-element_type=\"widget\" data-widget_type=\"text-editor.default\">\n\t\t\t\t<div class=\"elementor-widget-container\">\n\t\t\t\t\t\t\t<p><strong>Lena J\u00f6nsson<\/strong><\/p><p><strong>Mail:<\/strong>\u00a0<br \/><a href=\"mailto:Lena.jonsson@expynos.se\">Lena.jonsson@expynos.se<\/a><\/p><p><strong>Mobil:<\/strong> <br \/>070-2900819<\/p>\t\t\t\t\t\t<\/div>\n\t\t\t\t<\/div>\n\t\t\t\t\t<\/div>\n\t\t<\/div>\n\t\t\t\t<div class=\"elementor-column elementor-col-25 elementor-top-column elementor-element elementor-element-20dc6c7\" data-id=\"20dc6c7\" data-element_type=\"column\">\n\t\t\t<div class=\"elementor-widget-wrap elementor-element-populated\">\n\t\t\t\t\t\t\t<\/div>\n\t\t<\/div>\n\t\t\t\t\t<\/div>\n\t\t<\/section>\n\t\t\t\t<section class=\"elementor-section elementor-top-section elementor-element elementor-element-9d8ed82 elementor-section-boxed elementor-section-height-default elementor-section-height-default\" data-id=\"9d8ed82\" data-element_type=\"section\">\n\t\t\t\t\t\t<div class=\"elementor-container elementor-column-gap-default\">\n\t\t\t\t\t<div class=\"elementor-column elementor-col-100 elementor-top-column elementor-element elementor-element-e970a09\" data-id=\"e970a09\" data-element_type=\"column\">\n\t\t\t<div class=\"elementor-widget-wrap elementor-element-populated\">\n\t\t\t\t\t\t<div class=\"elementor-element elementor-element-8367a86 elementor-widget elementor-widget-spacer\" data-id=\"8367a86\" data-element_type=\"widget\" data-widget_type=\"spacer.default\">\n\t\t\t\t<div class=\"elementor-widget-container\">\n\t\t\t\t\t<div class=\"elementor-spacer\">\n\t\t\t<div class=\"elementor-spacer-inner\"><\/div>\n\t\t<\/div>\n\t\t\t\t<\/div>\n\t\t\t\t<\/div>\n\t\t\t\t<div class=\"elementor-element elementor-element-77b6380 elementor-widget elementor-widget-spacer\" data-id=\"77b6380\" data-element_type=\"widget\" data-widget_type=\"spacer.default\">\n\t\t\t\t<div class=\"elementor-widget-container\">\n\t\t\t\t\t<div class=\"elementor-spacer\">\n\t\t\t<div class=\"elementor-spacer-inner\"><\/div>\n\t\t<\/div>\n\t\t\t\t<\/div>\n\t\t\t\t<\/div>\n\t\t\t\t\t<\/div>\n\t\t<\/div>\n\t\t\t\t\t<\/div>\n\t\t<\/section>\n\t\t\t\t<section class=\"elementor-section elementor-top-section elementor-element elementor-element-b432101 elementor-section-boxed elementor-section-height-default elementor-section-height-default\" data-id=\"b432101\" data-element_type=\"section\">\n\t\t\t\t\t\t<div class=\"elementor-container elementor-column-gap-default\">\n\t\t\t\t\t<div class=\"elementor-column elementor-col-100 elementor-top-column elementor-element elementor-element-c934a24\" data-id=\"c934a24\" data-element_type=\"column\">\n\t\t\t<div class=\"elementor-widget-wrap elementor-element-populated\">\n\t\t\t\t\t\t<div class=\"elementor-element elementor-element-878693f elementor-widget elementor-widget-text-editor\" data-id=\"878693f\" data-element_type=\"widget\" data-widget_type=\"text-editor.default\">\n\t\t\t\t<div class=\"elementor-widget-container\">\n\t\t\t\t\t\t\t<p>Org.nr: 559099-6095<\/p>\t\t\t\t\t\t<\/div>\n\t\t\t\t<\/div>\n\t\t\t\t\t<\/div>\n\t\t<\/div>\n\t\t\t\t\t<\/div>\n\t\t<\/section>\n\t\t\t\t<\/div>\n\t\t","protected":false},"excerpt":{"rendered":"<p>Mail: Info@expynos.seMail: ekonomi@expynos.se Bes\u00f6ksadress:Scheelev\u00e4gen 15 , Lund Postadress:Ideon Science Park223 70 Lund Per Stew\u00e9n Mail:\u00a0Per.Stewen@expynos.se Mobil: 070-2800229 Lena J\u00f6nsson Mail:\u00a0Lena.jonsson@expynos.se Mobil: 070-2900819 Org.nr: 559099-6095<\/p>\n","protected":false},"author":1,"featured_media":0,"parent":0,"menu_order":0,"comment_status":"closed","ping_status":"open","template":"","meta":{"footnotes":""},"class_list":["post-31","page","type-page","status-publish","hentry"],"_links":{"self":[{"href":"https:\/\/expynos.se\/index.php?rest_route=\/wp\/v2\/pages\/31"}],"collection":[{"href":"https:\/\/expynos.se\/index.php?rest_route=\/wp\/v2\/pages"}],"about":[{"href":"https:\/\/expynos.se\/index.php?rest_route=\/wp\/v2\/types\/page"}],"author":[{"embeddable":true,"href":"https:\/\/expynos.se\/index.php?rest_route=\/wp\/v2\/users\/1"}],"replies":[{"embeddable":true,"href":"https:\/\/expynos.se\/index.php?rest_route=%2Fwp%2Fv2%2Fcomments&post=31"}],"version-history":[{"count":16,"href":"https:\/\/expynos.se\/index.php?rest_route=\/wp\/v2\/pages\/31\/revisions"}],"predecessor-version":[{"id":663,"href":"https:\/\/expynos.se\/index.php?rest_route=\/wp\/v2\/pages\/31\/revisions\/663"}],"wp:attachment":[{"href":"https:\/\/expynos.se\/index.php?rest_route=%2Fwp%2Fv2%2Fmedia&parent=31"}],"curies":[{"name":"wp","href":"https:\/\/api.w.org\/{rel}","templated":true}]}}