{"id":486,"date":"2019-10-04T13:55:04","date_gmt":"2019-10-04T13:55:04","guid":{"rendered":"https:\/\/expynos.se\/?page_id=486"},"modified":"2024-10-07T06:48:49","modified_gmt":"2024-10-07T06:48:49","slug":"om-oss","status":"publish","type":"page","link":"https:\/\/expynos.se\/?page_id=486","title":{"rendered":"Om oss"},"content":{"rendered":"\t\t<div data-elementor-type=\"wp-page\" data-elementor-id=\"486\" class=\"elementor elementor-486\">\n\t\t\t\t\t\t<section class=\"elementor-section elementor-top-section elementor-element elementor-element-6da2547 elementor-section-boxed elementor-section-height-default elementor-section-height-default\" data-id=\"6da2547\" data-element_type=\"section\">\n\t\t\t\t\t\t<div class=\"elementor-container elementor-column-gap-default\">\n\t\t\t\t\t<div class=\"elementor-column elementor-col-100 elementor-top-column elementor-element elementor-element-2aa27b5\" data-id=\"2aa27b5\" data-element_type=\"column\">\n\t\t\t<div class=\"elementor-widget-wrap elementor-element-populated\">\n\t\t\t\t\t\t<div class=\"elementor-element elementor-element-b6a025e elementor-widget elementor-widget-spacer\" data-id=\"b6a025e\" data-element_type=\"widget\" data-widget_type=\"spacer.default\">\n\t\t\t\t<div class=\"elementor-widget-container\">\n\t\t\t\t\t<div class=\"elementor-spacer\">\n\t\t\t<div class=\"elementor-spacer-inner\"><\/div>\n\t\t<\/div>\n\t\t\t\t<\/div>\n\t\t\t\t<\/div>\n\t\t\t\t\t<\/div>\n\t\t<\/div>\n\t\t\t\t\t<\/div>\n\t\t<\/section>\n\t\t\t\t<section class=\"elementor-section elementor-top-section elementor-element elementor-element-71b7e03 elementor-section-boxed elementor-section-height-default elementor-section-height-default\" data-id=\"71b7e03\" data-element_type=\"section\">\n\t\t\t\t\t\t<div class=\"elementor-container elementor-column-gap-default\">\n\t\t\t\t\t<div class=\"elementor-column elementor-col-100 elementor-top-column elementor-element elementor-element-f3732dc\" data-id=\"f3732dc\" data-element_type=\"column\">\n\t\t\t<div class=\"elementor-widget-wrap elementor-element-populated\">\n\t\t\t\t\t\t<div class=\"elementor-element elementor-element-7fbc29f elementor-widget elementor-widget-text-editor\" data-id=\"7fbc29f\" data-element_type=\"widget\" data-widget_type=\"text-editor.default\">\n\t\t\t\t<div class=\"elementor-widget-container\">\n\t\t\t\t\t\t\t<p>Expynos AB grundades 2017 av Per Stew\u00e9n och Lena J\u00f6nsson<\/p><p>Kontoret finns p\u00e5 Ideon Sciencepark i Lund<\/p><p>Vi \u00e4r en mindre konsultfirma inom telekom branschen som idag jobbar med projektering, projektledning och dokumentation av teleanl\u00e4ggningar.<\/p><p>V\u00e5ra kunder \u00e4r fr\u00e4mst n\u00e4t\u00e4gare och entrepren\u00f6rer men vi \u00e4r \u00e4ven underkonsulter till ett flertal av de st\u00f6rre konsultf\u00f6retagen i branschen.<\/p><p>Tillsammans har v\u00e5ra anst\u00e4llda mer \u00e4n 50 \u00e5rs erfarenhet av att jobba inom fastn\u00e4tsidan. Vi har varit verksam som n\u00e4t\u00e4gare, entrepren\u00f6r, projektledare, byggledare, processledare och kvalitetskontrollant i v\u00e5ra tidigare tj\u00e4nster.e<\/p><p>\u00a0<\/p>\t\t\t\t\t\t<\/div>\n\t\t\t\t<\/div>\n\t\t\t\t\t<\/div>\n\t\t<\/div>\n\t\t\t\t\t<\/div>\n\t\t<\/section>\n\t\t\t\t<section class=\"elementor-section elementor-top-section elementor-element elementor-element-cce339c elementor-section-boxed elementor-section-height-default elementor-section-height-default\" data-id=\"cce339c\" data-element_type=\"section\">\n\t\t\t\t\t\t<div class=\"elementor-container elementor-column-gap-default\">\n\t\t\t\t\t<div class=\"elementor-column elementor-col-100 elementor-top-column elementor-element elementor-element-8d51852\" data-id=\"8d51852\" data-element_type=\"column\">\n\t\t\t<div class=\"elementor-widget-wrap elementor-element-populated\">\n\t\t\t\t\t\t<div class=\"elementor-element elementor-element-50c5062 elementor-widget elementor-widget-spacer\" data-id=\"50c5062\" data-element_type=\"widget\" data-widget_type=\"spacer.default\">\n\t\t\t\t<div class=\"elementor-widget-container\">\n\t\t\t\t\t<div class=\"elementor-spacer\">\n\t\t\t<div class=\"elementor-spacer-inner\"><\/div>\n\t\t<\/div>\n\t\t\t\t<\/div>\n\t\t\t\t<\/div>\n\t\t\t\t\t<\/div>\n\t\t<\/div>\n\t\t\t\t\t<\/div>\n\t\t<\/section>\n\t\t\t\t<section class=\"elementor-section elementor-top-section elementor-element elementor-element-074caae elementor-section-boxed elementor-section-height-default elementor-section-height-default\" data-id=\"074caae\" data-element_type=\"section\">\n\t\t\t\t\t\t<div class=\"elementor-container elementor-column-gap-default\">\n\t\t\t\t\t<div class=\"elementor-column elementor-col-50 elementor-top-column elementor-element elementor-element-a25a775\" data-id=\"a25a775\" data-element_type=\"column\">\n\t\t\t<div class=\"elementor-widget-wrap elementor-element-populated\">\n\t\t\t\t\t\t<div class=\"elementor-element elementor-element-7a53055 elementor-widget elementor-widget-image\" data-id=\"7a53055\" data-element_type=\"widget\" data-widget_type=\"image.default\">\n\t\t\t\t<div class=\"elementor-widget-container\">\n\t\t\t\t\t\t\t\t\t\t\t\t\t<img decoding=\"async\" width=\"163\" height=\"162\" src=\"https:\/\/expynos.se\/wp-content\/uploads\/2018\/05\/Robust.jpg\" class=\"attachment-large size-large wp-image-78\" alt=\"\" srcset=\"https:\/\/expynos.se\/wp-content\/uploads\/2018\/05\/Robust.jpg 163w, https:\/\/expynos.se\/wp-content\/uploads\/2018\/05\/Robust-100x100.jpg 100w, https:\/\/expynos.se\/wp-content\/uploads\/2018\/05\/Robust-150x150.jpg 150w\" sizes=\"(max-width: 163px) 100vw, 163px\" \/>\t\t\t\t\t\t\t\t\t\t\t\t\t<\/div>\n\t\t\t\t<\/div>\n\t\t\t\t\t<\/div>\n\t\t<\/div>\n\t\t\t\t<div class=\"elementor-column elementor-col-50 elementor-top-column elementor-element elementor-element-d560bc1\" data-id=\"d560bc1\" data-element_type=\"column\">\n\t\t\t<div class=\"elementor-widget-wrap elementor-element-populated\">\n\t\t\t\t\t\t<div class=\"elementor-element elementor-element-aac243e elementor-widget elementor-widget-text-editor\" data-id=\"aac243e\" data-element_type=\"widget\" data-widget_type=\"text-editor.default\">\n\t\t\t\t<div class=\"elementor-widget-container\">\n\t\t\t\t\t\t\t<p>\u00a0<\/p>\n<p>\u00a0<\/p>\n<p>Per och Lena \u00e4r har b\u00e5da giltiga Robust Fiber Certifikat<\/p>\t\t\t\t\t\t<\/div>\n\t\t\t\t<\/div>\n\t\t\t\t\t<\/div>\n\t\t<\/div>\n\t\t\t\t\t<\/div>\n\t\t<\/section>\n\t\t\t\t<section class=\"elementor-section elementor-top-section elementor-element elementor-element-9f4a8cf elementor-section-boxed elementor-section-height-default elementor-section-height-default\" data-id=\"9f4a8cf\" data-element_type=\"section\">\n\t\t\t\t\t\t<div class=\"elementor-container elementor-column-gap-default\">\n\t\t\t\t\t<div class=\"elementor-column elementor-col-100 elementor-top-column elementor-element elementor-element-0f4234b\" data-id=\"0f4234b\" data-element_type=\"column\">\n\t\t\t<div class=\"elementor-widget-wrap elementor-element-populated\">\n\t\t\t\t\t\t<div class=\"elementor-element elementor-element-8f31403 elementor-widget elementor-widget-spacer\" data-id=\"8f31403\" data-element_type=\"widget\" data-widget_type=\"spacer.default\">\n\t\t\t\t<div class=\"elementor-widget-container\">\n\t\t\t\t\t<div class=\"elementor-spacer\">\n\t\t\t<div class=\"elementor-spacer-inner\"><\/div>\n\t\t<\/div>\n\t\t\t\t<\/div>\n\t\t\t\t<\/div>\n\t\t\t\t\t<\/div>\n\t\t<\/div>\n\t\t\t\t\t<\/div>\n\t\t<\/section>\n\t\t\t\t<section class=\"elementor-section elementor-top-section elementor-element elementor-element-3b0ad88 elementor-section-boxed elementor-section-height-default elementor-section-height-default\" data-id=\"3b0ad88\" data-element_type=\"section\">\n\t\t\t\t\t\t<div class=\"elementor-container elementor-column-gap-default\">\n\t\t\t\t\t<div class=\"elementor-column elementor-col-100 elementor-top-column elementor-element elementor-element-1d655f2\" data-id=\"1d655f2\" data-element_type=\"column\">\n\t\t\t<div class=\"elementor-widget-wrap elementor-element-populated\">\n\t\t\t\t\t\t<div class=\"elementor-element elementor-element-e5615b8 elementor-widget elementor-widget-image\" data-id=\"e5615b8\" data-element_type=\"widget\" data-widget_type=\"image.default\">\n\t\t\t\t<div class=\"elementor-widget-container\">\n\t\t\t\t\t\t\t\t\t\t\t\t\t\t<a href=\"https:\/\/expynos.se\/\">\n\t\t\t\t\t\t\t<img decoding=\"async\" width=\"300\" height=\"142\" src=\"https:\/\/expynos.se\/wp-content\/uploads\/2018\/05\/ExpynosAB_logotype_lowres-300x142.jpg\" class=\"attachment-medium size-medium wp-image-73\" alt=\"\" srcset=\"https:\/\/expynos.se\/wp-content\/uploads\/2018\/05\/ExpynosAB_logotype_lowres-300x142.jpg 300w, https:\/\/expynos.se\/wp-content\/uploads\/2018\/05\/ExpynosAB_logotype_lowres-e1554808243694.jpg 198w\" sizes=\"(max-width: 300px) 100vw, 300px\" \/>\t\t\t\t\t\t\t\t<\/a>\n\t\t\t\t\t\t\t\t\t\t\t\t\t<\/div>\n\t\t\t\t<\/div>\n\t\t\t\t\t<\/div>\n\t\t<\/div>\n\t\t\t\t\t<\/div>\n\t\t<\/section>\n\t\t\t\t<\/div>\n\t\t","protected":false},"excerpt":{"rendered":"<p>Expynos AB grundades 2017 av Per Stew\u00e9n och Lena J\u00f6nsson Kontoret finns p\u00e5 Ideon Sciencepark i Lund Vi \u00e4r en mindre konsultfirma inom telekom branschen som idag jobbar med projektering, projektledning och dokumentation av teleanl\u00e4ggningar. V\u00e5ra kunder \u00e4r fr\u00e4mst n\u00e4t\u00e4gare och entrepren\u00f6rer men vi \u00e4r \u00e4ven underkonsulter till ett flertal av de st\u00f6rre konsultf\u00f6retagen i &hellip;<\/p>\n<p class=\"read-more\"> <a class=\"\" href=\"https:\/\/expynos.se\/?page_id=486\"> <span class=\"screen-reader-text\">Om oss<\/span> L\u00e4s mer &raquo;<\/a><\/p>\n","protected":false},"author":1,"featured_media":0,"parent":0,"menu_order":0,"comment_status":"closed","ping_status":"closed","template":"","meta":{"footnotes":""},"class_list":["post-486","page","type-page","status-publish","hentry"],"_links":{"self":[{"href":"https:\/\/expynos.se\/index.php?rest_route=\/wp\/v2\/pages\/486"}],"collection":[{"href":"https:\/\/expynos.se\/index.php?rest_route=\/wp\/v2\/pages"}],"about":[{"href":"https:\/\/expynos.se\/index.php?rest_route=\/wp\/v2\/types\/page"}],"author":[{"embeddable":true,"href":"https:\/\/expynos.se\/index.php?rest_route=\/wp\/v2\/users\/1"}],"replies":[{"embeddable":true,"href":"https:\/\/expynos.se\/index.php?rest_route=%2Fwp%2Fv2%2Fcomments&post=486"}],"version-history":[{"count":13,"href":"https:\/\/expynos.se\/index.php?rest_route=\/wp\/v2\/pages\/486\/revisions"}],"predecessor-version":[{"id":668,"href":"https:\/\/expynos.se\/index.php?rest_route=\/wp\/v2\/pages\/486\/revisions\/668"}],"wp:attachment":[{"href":"https:\/\/expynos.se\/index.php?rest_route=%2Fwp%2Fv2%2Fmedia&parent=486"}],"curies":[{"name":"wp","href":"https:\/\/api.w.org\/{rel}","templated":true}]}}